{"id":369,"date":"2016-10-12T10:10:01","date_gmt":"2016-10-12T10:10:01","guid":{"rendered":"http:\/\/dev.kai-stiepel.com\/?page_id=369&#038;lang=de"},"modified":"2024-03-05T12:49:31","modified_gmt":"2024-03-05T12:49:31","slug":"ueber","status":"publish","type":"page","link":"https:\/\/www.kai-stiepel.com\/de\/ueber\/","title":{"rendered":"Kontakt"},"content":{"rendered":"<p>Kai ist ein in M\u00fcnchen ans\u00e4ssiger Stillife- und Foodfotograf. In Santa Monica geboren, verbrache er dort die ersten zehn Jahre seines Lebens. Nach der Schulzeit wollte er urspr\u00fcglich zum Film, studierte dann Fotografie am Lette Verein, Berlin. Seit 1995 arbeitet er als freischaffender Fotograf. <span lang=\"de\">Zu seinen Kunden geh\u00f6ren Werbeagenturen, Verlage und Redaktionen.<\/span><\/p>\n<p><span lang=\"de\">Mit einem qualifizierten Team von erfahrenen Stylisten, Food-Stylisten und Set-Designern, ist er in der Lage, komplexe und anspruchsvolle Kundenanforderungen auf ihren Zeitplan hin zu erf\u00fcllen. Im Laufe seiner Karriere hat er eine umfangreiche und exklusive Requisiten-Sammlung zusammengestellt. Diese erm\u00f6glicht es ihm, schnell zu reagieren und die Visionen seiner Kunden zu verwirklichen.<\/span><\/p>\n<p><span lang=\"de\">Ob f\u00fcr ein gro\u00dfes multinationales Unternehmen oder f\u00fcr ein kleines Familienunternehmen, Kai Stiepel glaubt daran, dass Bilder Geschichten erz\u00e4hlen, diese Geschichten erwecken Produkte zum Leben.<br \/>\n<\/span><\/p>\n","protected":false},"excerpt":{"rendered":"<p>Kai ist ein in M\u00fcnchen ans\u00e4ssiger Stillife- und Foodfotograf. In Santa Monica geboren, verbrache er dort die ersten zehn Jahre seines Lebens. Nach der Schulzeit wollte er urspr\u00fcglich zum Film, studierte dann Fotografie am Lette Verein, Berlin. Seit 1995 arbeitet er als freischaffender Fotograf. Zu seinen Kunden geh\u00f6ren Werbeagenturen, Verlage und Redaktionen. Mit einem qualifizierten [&hellip;]<\/p>\n","protected":false},"author":1,"featured_media":2013,"parent":0,"menu_order":0,"comment_status":"closed","ping_status":"closed","template":"page-about.php","meta":{"_acf_changed":false,"_monsterinsights_skip_tracking":false,"_monsterinsights_sitenote_active":false,"_monsterinsights_sitenote_note":"","_monsterinsights_sitenote_category":0,"footnotes":""},"class_list":["post-369","page","type-page","status-publish","has-post-thumbnail","hentry"],"acf":[],"yoast_head":"<!-- This site is optimized with the Yoast SEO plugin v25.3.1 - https:\/\/yoast.com\/wordpress\/plugins\/seo\/ -->\n<title>\u00dcber den Foodfotografen | Kai Stiepel Photography<\/title>\n<meta name=\"description\" content=\"Kai ist ein in M\u00fcnchen ans\u00e4ssiger Stillife- und Foodfotograf. Zu seinen Kunden geh\u00f6ren Werbeagenturen, Verlage und Redaktionen.\" \/>\n<meta name=\"robots\" content=\"index, follow, max-snippet:-1, max-image-preview:large, max-video-preview:-1\" \/>\n<link rel=\"canonical\" href=\"https:\/\/www.kai-stiepel.com\/about\/\" \/>\n<meta property=\"og:locale\" content=\"de_DE\" \/>\n<meta property=\"og:type\" content=\"article\" \/>\n<meta property=\"og:title\" content=\"\u00dcber den Foodfotografen | Kai Stiepel Photography\" \/>\n<meta property=\"og:description\" content=\"Kai ist ein in M\u00fcnchen ans\u00e4ssiger Stillife- und Foodfotograf. Zu seinen Kunden geh\u00f6ren Werbeagenturen, Verlage und Redaktionen.\" \/>\n<meta property=\"og:url\" content=\"https:\/\/www.kai-stiepel.com\/about\/\" \/>\n<meta property=\"og:site_name\" content=\"Kai Stiepel Photography\" \/>\n<meta property=\"article:modified_time\" content=\"2024-03-05T12:49:31+00:00\" \/>\n<meta property=\"og:image\" content=\"https:\/\/www.kai-stiepel.com\/wp-content\/uploads\/2016\/10\/Kai-Stiepel-Photography-Studio-for-Still-Life-and-Food-Portrait-1.jpg\" \/>\n\t<meta property=\"og:image:width\" content=\"1200\" \/>\n\t<meta property=\"og:image:height\" content=\"1556\" \/>\n\t<meta property=\"og:image:type\" content=\"image\/jpeg\" \/>\n<meta name=\"twitter:card\" content=\"summary_large_image\" \/>\n<meta name=\"twitter:label1\" content=\"Gesch\u00e4tzte Lesezeit\" \/>\n\t<meta name=\"twitter:data1\" content=\"1\u00a0Minute\" \/>\n<script type=\"application\/ld+json\" class=\"yoast-schema-graph\">{\"@context\":\"https:\/\/schema.org\",\"@graph\":[{\"@type\":\"WebPage\",\"@id\":\"https:\/\/www.kai-stiepel.com\/about\/\",\"url\":\"https:\/\/www.kai-stiepel.com\/about\/\",\"name\":\"\u00dcber den Foodfotografen | Kai Stiepel Photography\",\"isPartOf\":{\"@id\":\"https:\/\/www.kai-stiepel.com\/#website\"},\"primaryImageOfPage\":{\"@id\":\"https:\/\/www.kai-stiepel.com\/about\/#primaryimage\"},\"image\":{\"@id\":\"https:\/\/www.kai-stiepel.com\/about\/#primaryimage\"},\"thumbnailUrl\":\"https:\/\/www.kai-stiepel.com\/wp-content\/uploads\/2016\/10\/Kai-Stiepel-Photography-Studio-for-Still-Life-and-Food-Portrait-1.jpg\",\"datePublished\":\"2016-10-12T10:10:01+00:00\",\"dateModified\":\"2024-03-05T12:49:31+00:00\",\"description\":\"Kai ist ein in M\u00fcnchen ans\u00e4ssiger Stillife- und Foodfotograf. Zu seinen Kunden geh\u00f6ren Werbeagenturen, Verlage und Redaktionen.\",\"breadcrumb\":{\"@id\":\"https:\/\/www.kai-stiepel.com\/about\/#breadcrumb\"},\"inLanguage\":\"de\",\"potentialAction\":[{\"@type\":\"ReadAction\",\"target\":[\"https:\/\/www.kai-stiepel.com\/about\/\"]}]},{\"@type\":\"ImageObject\",\"inLanguage\":\"de\",\"@id\":\"https:\/\/www.kai-stiepel.com\/about\/#primaryimage\",\"url\":\"https:\/\/www.kai-stiepel.com\/wp-content\/uploads\/2016\/10\/Kai-Stiepel-Photography-Studio-for-Still-Life-and-Food-Portrait-1.jpg\",\"contentUrl\":\"https:\/\/www.kai-stiepel.com\/wp-content\/uploads\/2016\/10\/Kai-Stiepel-Photography-Studio-for-Still-Life-and-Food-Portrait-1.jpg\",\"width\":1200,\"height\":1556},{\"@type\":\"BreadcrumbList\",\"@id\":\"https:\/\/www.kai-stiepel.com\/about\/#breadcrumb\",\"itemListElement\":[{\"@type\":\"ListItem\",\"position\":1,\"name\":\"Home\",\"item\":\"https:\/\/www.kai-stiepel.com\/de\/\"},{\"@type\":\"ListItem\",\"position\":2,\"name\":\"Kontakt\"}]},{\"@type\":\"WebSite\",\"@id\":\"https:\/\/www.kai-stiepel.com\/#website\",\"url\":\"https:\/\/www.kai-stiepel.com\/\",\"name\":\"Kai Stiepel Photography\",\"description\":\"\",\"publisher\":{\"@id\":\"https:\/\/www.kai-stiepel.com\/#organization\"},\"alternateName\":\"Kai Stiepel Photography\",\"potentialAction\":[{\"@type\":\"SearchAction\",\"target\":{\"@type\":\"EntryPoint\",\"urlTemplate\":\"https:\/\/www.kai-stiepel.com\/?s={search_term_string}\"},\"query-input\":{\"@type\":\"PropertyValueSpecification\",\"valueRequired\":true,\"valueName\":\"search_term_string\"}}],\"inLanguage\":\"de\"},{\"@type\":\"Organization\",\"@id\":\"https:\/\/www.kai-stiepel.com\/#organization\",\"name\":\"Kai Stiepel Photography\",\"alternateName\":\"Kai Stiepel Photography\",\"url\":\"https:\/\/www.kai-stiepel.com\/\",\"logo\":{\"@type\":\"ImageObject\",\"inLanguage\":\"de\",\"@id\":\"https:\/\/www.kai-stiepel.com\/#\/schema\/logo\/image\/\",\"url\":\"https:\/\/www.kai-stiepel.com\/wp-content\/uploads\/2025\/10\/Untitled-design-2025-10-21T034202.256.png\",\"contentUrl\":\"https:\/\/www.kai-stiepel.com\/wp-content\/uploads\/2025\/10\/Untitled-design-2025-10-21T034202.256.png\",\"width\":500,\"height\":500,\"caption\":\"Kai Stiepel Photography\"},\"image\":{\"@id\":\"https:\/\/www.kai-stiepel.com\/#\/schema\/logo\/image\/\"}}]}<\/script>\n<!-- \/ Yoast SEO plugin. -->","yoast_head_json":{"title":"\u00dcber den Foodfotografen | Kai Stiepel Photography","description":"Kai ist ein in M\u00fcnchen ans\u00e4ssiger Stillife- und Foodfotograf. Zu seinen Kunden geh\u00f6ren Werbeagenturen, Verlage und Redaktionen.","robots":{"index":"index","follow":"follow","max-snippet":"max-snippet:-1","max-image-preview":"max-image-preview:large","max-video-preview":"max-video-preview:-1"},"canonical":"https:\/\/www.kai-stiepel.com\/about\/","og_locale":"de_DE","og_type":"article","og_title":"\u00dcber den Foodfotografen | Kai Stiepel Photography","og_description":"Kai ist ein in M\u00fcnchen ans\u00e4ssiger Stillife- und Foodfotograf. Zu seinen Kunden geh\u00f6ren Werbeagenturen, Verlage und Redaktionen.","og_url":"https:\/\/www.kai-stiepel.com\/about\/","og_site_name":"Kai Stiepel Photography","article_modified_time":"2024-03-05T12:49:31+00:00","og_image":[{"width":1200,"height":1556,"url":"https:\/\/www.kai-stiepel.com\/wp-content\/uploads\/2016\/10\/Kai-Stiepel-Photography-Studio-for-Still-Life-and-Food-Portrait-1.jpg","type":"image\/jpeg"}],"twitter_card":"summary_large_image","twitter_misc":{"Gesch\u00e4tzte Lesezeit":"1\u00a0Minute"},"schema":{"@context":"https:\/\/schema.org","@graph":[{"@type":"WebPage","@id":"https:\/\/www.kai-stiepel.com\/about\/","url":"https:\/\/www.kai-stiepel.com\/about\/","name":"\u00dcber den Foodfotografen | Kai Stiepel Photography","isPartOf":{"@id":"https:\/\/www.kai-stiepel.com\/#website"},"primaryImageOfPage":{"@id":"https:\/\/www.kai-stiepel.com\/about\/#primaryimage"},"image":{"@id":"https:\/\/www.kai-stiepel.com\/about\/#primaryimage"},"thumbnailUrl":"https:\/\/www.kai-stiepel.com\/wp-content\/uploads\/2016\/10\/Kai-Stiepel-Photography-Studio-for-Still-Life-and-Food-Portrait-1.jpg","datePublished":"2016-10-12T10:10:01+00:00","dateModified":"2024-03-05T12:49:31+00:00","description":"Kai ist ein in M\u00fcnchen ans\u00e4ssiger Stillife- und Foodfotograf. Zu seinen Kunden geh\u00f6ren Werbeagenturen, Verlage und Redaktionen.","breadcrumb":{"@id":"https:\/\/www.kai-stiepel.com\/about\/#breadcrumb"},"inLanguage":"de","potentialAction":[{"@type":"ReadAction","target":["https:\/\/www.kai-stiepel.com\/about\/"]}]},{"@type":"ImageObject","inLanguage":"de","@id":"https:\/\/www.kai-stiepel.com\/about\/#primaryimage","url":"https:\/\/www.kai-stiepel.com\/wp-content\/uploads\/2016\/10\/Kai-Stiepel-Photography-Studio-for-Still-Life-and-Food-Portrait-1.jpg","contentUrl":"https:\/\/www.kai-stiepel.com\/wp-content\/uploads\/2016\/10\/Kai-Stiepel-Photography-Studio-for-Still-Life-and-Food-Portrait-1.jpg","width":1200,"height":1556},{"@type":"BreadcrumbList","@id":"https:\/\/www.kai-stiepel.com\/about\/#breadcrumb","itemListElement":[{"@type":"ListItem","position":1,"name":"Home","item":"https:\/\/www.kai-stiepel.com\/de\/"},{"@type":"ListItem","position":2,"name":"Kontakt"}]},{"@type":"WebSite","@id":"https:\/\/www.kai-stiepel.com\/#website","url":"https:\/\/www.kai-stiepel.com\/","name":"Kai Stiepel Photography","description":"","publisher":{"@id":"https:\/\/www.kai-stiepel.com\/#organization"},"alternateName":"Kai Stiepel Photography","potentialAction":[{"@type":"SearchAction","target":{"@type":"EntryPoint","urlTemplate":"https:\/\/www.kai-stiepel.com\/?s={search_term_string}"},"query-input":{"@type":"PropertyValueSpecification","valueRequired":true,"valueName":"search_term_string"}}],"inLanguage":"de"},{"@type":"Organization","@id":"https:\/\/www.kai-stiepel.com\/#organization","name":"Kai Stiepel Photography","alternateName":"Kai Stiepel Photography","url":"https:\/\/www.kai-stiepel.com\/","logo":{"@type":"ImageObject","inLanguage":"de","@id":"https:\/\/www.kai-stiepel.com\/#\/schema\/logo\/image\/","url":"https:\/\/www.kai-stiepel.com\/wp-content\/uploads\/2025\/10\/Untitled-design-2025-10-21T034202.256.png","contentUrl":"https:\/\/www.kai-stiepel.com\/wp-content\/uploads\/2025\/10\/Untitled-design-2025-10-21T034202.256.png","width":500,"height":500,"caption":"Kai Stiepel Photography"},"image":{"@id":"https:\/\/www.kai-stiepel.com\/#\/schema\/logo\/image\/"}}]}},"_links":{"self":[{"href":"https:\/\/www.kai-stiepel.com\/de\/wp-json\/wp\/v2\/pages\/369","targetHints":{"allow":["GET"]}}],"collection":[{"href":"https:\/\/www.kai-stiepel.com\/de\/wp-json\/wp\/v2\/pages"}],"about":[{"href":"https:\/\/www.kai-stiepel.com\/de\/wp-json\/wp\/v2\/types\/page"}],"author":[{"embeddable":true,"href":"https:\/\/www.kai-stiepel.com\/de\/wp-json\/wp\/v2\/users\/1"}],"replies":[{"embeddable":true,"href":"https:\/\/www.kai-stiepel.com\/de\/wp-json\/wp\/v2\/comments?post=369"}],"version-history":[{"count":0,"href":"https:\/\/www.kai-stiepel.com\/de\/wp-json\/wp\/v2\/pages\/369\/revisions"}],"wp:featuredmedia":[{"embeddable":true,"href":"https:\/\/www.kai-stiepel.com\/de\/wp-json\/wp\/v2\/media\/2013"}],"wp:attachment":[{"href":"https:\/\/www.kai-stiepel.com\/de\/wp-json\/wp\/v2\/media?parent=369"}],"curies":[{"name":"wp","href":"https:\/\/api.w.org\/{rel}","templated":true}]}}